{"id":4387,"date":"2015-03-26T12:21:29","date_gmt":"2015-03-26T10:21:29","guid":{"rendered":"https:\/\/martvarauto.ee\/yrityksesta\/"},"modified":"2015-03-26T12:21:29","modified_gmt":"2015-03-26T10:21:29","slug":"yrityksesta","status":"publish","type":"page","link":"https:\/\/martvarauto.ee\/fi\/yrityksesta\/","title":{"rendered":"Yrityksest\u00e4"},"content":{"rendered":"<h1>Yritysesittely<\/h1>\n<p>O\u00dc Martvar Auto on perustettu vuonna 2007 V\u00f5russa.<\/p>\n<ul>\n<li>K\u00e4ytettyjen varaosien myynti<\/li>\n<li>Kolariautojen osto<\/li>\n<li>Varaosatoimitukset koko Viron alueella<\/li>\n<\/ul>\n<p>Kanta-asiakkaille hintaedut<\/p>\n<p>Vuodesta 2011 MT\u00dc Autolammutuste Liit (Viron autopurkaamojen liitto) j\u00e4sen,\u00a0<a href=\"http:\/\/www.elv.ee\/\" target=\"_blank\" rel=\"noopener\">www.elv.ee<\/a><\/p>\n<p><strong>TAKUU<\/strong><\/p>\n<p>Annamme meilt\u00e4 ostetuille varaosille 14 p\u00e4iv\u00e4n takuun. Jos vika ilmenee takuuaikana, vaihdamme varaosan tai vaihto-osan puuttuessa palautamme varaosasta maksetun summan.<\/p>\n<p>Huom: Tapauskohtaiset sopimukset mahdollisia.<\/p>\n<p>Ota yhteytt\u00e4:<br \/>\n<a href=\"mailto:info@martvarauto.ee\">info@martvarauto.ee<\/a><br \/>\nPuh.: +372 52 92 468<\/p>\n<p><img fetchpriority=\"high\" decoding=\"async\" class=\"alignnone wp-image-87 \" src=\"http:\/\/martvarauto.ee\/wp-content\/uploads\/2015\/03\/131740948081316.jpg\" alt=\"131740948081316\" width=\"655\" height=\"405\" srcset=\"https:\/\/martvarauto.ee\/wp-content\/uploads\/2015\/03\/131740948081316.jpg 640w, https:\/\/martvarauto.ee\/wp-content\/uploads\/2015\/03\/131740948081316-300x186.jpg 300w\" sizes=\"(max-width: 655px) 100vw, 655px\" \/><\/p>\n","protected":false},"excerpt":{"rendered":"<p>Yritysesittely O\u00dc Martvar Auto on perustettu vuonna 2007 V\u00f5russa. K\u00e4ytettyjen varaosien myynti Kolariautojen osto Varaosatoimitukset koko Viron alueella Kanta-asiakkaille hintaedut Vuodesta 2011 MT\u00dc Autolammutuste Liit (Viron autopurkaamojen liitto) j\u00e4sen,\u00a0www.elv.ee TAKUU Annamme meilt\u00e4 ostetuille varaosille 14 p\u00e4iv\u00e4n takuun. Jos vika ilmenee takuuaikana, vaihdamme varaosan tai vaihto-osan puuttuessa palautamme varaosasta maksetun summan. Huom: Tapauskohtaiset sopimukset mahdollisia. Ota [&hellip;]<\/p>\n","protected":false},"author":1,"featured_media":0,"parent":0,"menu_order":2,"comment_status":"open","ping_status":"open","template":"","meta":{"_monsterinsights_skip_tracking":false,"_monsterinsights_sitenote_active":false,"_monsterinsights_sitenote_note":"","_monsterinsights_sitenote_category":0,"ngg_post_thumbnail":0,"jetpack_post_was_ever_published":false,"footnotes":""},"class_list":["post-4387","page","type-page","status-publish","hentry"],"aioseo_notices":[],"jetpack_sharing_enabled":true,"jetpack_shortlink":"https:\/\/wp.me\/P69HNq-18L","_links":{"self":[{"href":"https:\/\/martvarauto.ee\/fi\/wp-json\/wp\/v2\/pages\/4387","targetHints":{"allow":["GET"]}}],"collection":[{"href":"https:\/\/martvarauto.ee\/fi\/wp-json\/wp\/v2\/pages"}],"about":[{"href":"https:\/\/martvarauto.ee\/fi\/wp-json\/wp\/v2\/types\/page"}],"author":[{"embeddable":true,"href":"https:\/\/martvarauto.ee\/fi\/wp-json\/wp\/v2\/users\/1"}],"replies":[{"embeddable":true,"href":"https:\/\/martvarauto.ee\/fi\/wp-json\/wp\/v2\/comments?post=4387"}],"version-history":[{"count":0,"href":"https:\/\/martvarauto.ee\/fi\/wp-json\/wp\/v2\/pages\/4387\/revisions"}],"wp:attachment":[{"href":"https:\/\/martvarauto.ee\/fi\/wp-json\/wp\/v2\/media?parent=4387"}],"curies":[{"name":"wp","href":"https:\/\/api.w.org\/{rel}","templated":true}]}}