{"id":4393,"date":"2015-03-26T14:09:14","date_gmt":"2015-03-26T12:09:14","guid":{"rendered":"https:\/\/martvarauto.ee\/palvelut\/"},"modified":"2015-03-26T14:09:14","modified_gmt":"2015-03-26T12:09:14","slug":"palvelut","status":"publish","type":"page","link":"https:\/\/www.martvarauto.ee\/fi\/palvelut\/","title":{"rendered":"Palvelut"},"content":{"rendered":"<h3>Asennusty\u00f6t:<\/h3>\n<p>Uusien ja k\u00e4ytettyjen varaosien asennus, moottorin tai vaihteiston vaihto.<\/p>\n<h3>Varaosien tilaaminen:<\/h3>\n<p>Otamme vastaan varaosatilauksia ja toimitamme tilaukset koko Viron alueelle!<\/p>\n<h3>Korjausyksikk\u00f6:<\/h3>\n<ul>\n<li>Henkil\u00f6- ja pakettiautojen huolto ja korjaus<\/li>\n<li>\u00d6ljynvaihto (Morris \u2013\u00f6ljyt, edullinen hintataso,\u00a0<a href=\"http:\/\/www.morrislubricants.co.uk\/\">www.morrislubricants.co.uk<\/a>)<\/li>\n<li>Tuulilasien vaihto<\/li>\n<li>Per\u00e4vaunukoukkujen asennus<\/li>\n<\/ul>\n<h3>HINTAKYSELY<\/h3>\n<table border=\"0\" cellpadding=\"0\">\n<tbody>\n<tr>\n<td>Palvelu<\/td>\n<td>Hinta (eur)<\/td>\n<\/tr>\n<tr>\n<td>Pakettiauto, maasturi, 1 h hinta<\/td>\n<td>22.-<\/td>\n<\/tr>\n<tr>\n<td>Korjaust\u00f6iden 1 h hinta<\/td>\n<td>20.-<\/td>\n<\/tr>\n<tr>\n<td>Henkil\u00f6auton renkaiden vaihto 4 kpl 13\u2033-14\u2033<\/td>\n<td>16.-<\/td>\n<\/tr>\n<tr>\n<td>Henkil\u00f6auton renkaiden vaihto 4 kpl 15\u2033-16\u2033<\/td>\n<td>20.-<\/td>\n<\/tr>\n<tr>\n<td>Henkil\u00f6auton renkaiden vaihto 4 kpl 17\u2033-18\u2033<\/td>\n<td>23.-<\/td>\n<\/tr>\n<tr>\n<td>Hitsausty\u00f6t, 1 h<\/td>\n<td>sovitaan erikseen<\/td>\n<\/tr>\n<tr>\n<td>Moottoreiden korjaus ja vaihto (bensiini- ja dieselmoottorit)<\/td>\n<td>sovitaan erikseen<\/td>\n<\/tr>\n<tr>\n<td>Tuulilasin vaihto<\/td>\n<td>30.-<\/td>\n<\/tr>\n<tr>\n<td>\u00d6ljynvaihto<\/td>\n<td>7.-<\/td>\n<\/tr>\n<\/tbody>\n<\/table>\n<h2><img fetchpriority=\"high\" decoding=\"async\" class=\"alignnone wp-image-90\" style=\"font-size: 16px;\" src=\"http:\/\/martvarauto.ee\/wp-content\/uploads\/2015\/03\/131740949650394.jpg\" alt=\"131740949650394\" width=\"646\" height=\"431\" srcset=\"https:\/\/www.martvarauto.ee\/wp-content\/uploads\/2015\/03\/131740949650394.jpg 640w, https:\/\/www.martvarauto.ee\/wp-content\/uploads\/2015\/03\/131740949650394-300x200.jpg 300w\" sizes=\"(max-width: 646px) 100vw, 646px\" \/><\/h2>\n","protected":false},"excerpt":{"rendered":"<p>Asennusty\u00f6t: Uusien ja k\u00e4ytettyjen varaosien asennus, moottorin tai vaihteiston vaihto. Varaosien tilaaminen: Otamme vastaan varaosatilauksia ja toimitamme tilaukset koko Viron alueelle! Korjausyksikk\u00f6: Henkil\u00f6- ja pakettiautojen huolto ja korjaus \u00d6ljynvaihto (Morris \u2013\u00f6ljyt, edullinen hintataso,\u00a0www.morrislubricants.co.uk) Tuulilasien vaihto Per\u00e4vaunukoukkujen asennus HINTAKYSELY Palvelu Hinta (eur) Pakettiauto, maasturi, 1 h hinta 22.- Korjaust\u00f6iden 1 h hinta 20.- Henkil\u00f6auton renkaiden vaihto [&hellip;]<\/p>\n","protected":false},"author":1,"featured_media":0,"parent":0,"menu_order":3,"comment_status":"open","ping_status":"open","template":"","meta":{"_monsterinsights_skip_tracking":false,"_monsterinsights_sitenote_active":false,"_monsterinsights_sitenote_note":"","_monsterinsights_sitenote_category":0,"ngg_post_thumbnail":0,"jetpack_post_was_ever_published":false,"footnotes":""},"class_list":["post-4393","page","type-page","status-publish","hentry"],"aioseo_notices":[],"jetpack_sharing_enabled":true,"jetpack_shortlink":"https:\/\/wp.me\/P69HNq-18R","_links":{"self":[{"href":"https:\/\/www.martvarauto.ee\/fi\/wp-json\/wp\/v2\/pages\/4393","targetHints":{"allow":["GET"]}}],"collection":[{"href":"https:\/\/www.martvarauto.ee\/fi\/wp-json\/wp\/v2\/pages"}],"about":[{"href":"https:\/\/www.martvarauto.ee\/fi\/wp-json\/wp\/v2\/types\/page"}],"author":[{"embeddable":true,"href":"https:\/\/www.martvarauto.ee\/fi\/wp-json\/wp\/v2\/users\/1"}],"replies":[{"embeddable":true,"href":"https:\/\/www.martvarauto.ee\/fi\/wp-json\/wp\/v2\/comments?post=4393"}],"version-history":[{"count":0,"href":"https:\/\/www.martvarauto.ee\/fi\/wp-json\/wp\/v2\/pages\/4393\/revisions"}],"wp:attachment":[{"href":"https:\/\/www.martvarauto.ee\/fi\/wp-json\/wp\/v2\/media?parent=4393"}],"curies":[{"name":"wp","href":"https:\/\/api.w.org\/{rel}","templated":true}]}}